{"id":643,"date":"2026-03-09T18:19:33","date_gmt":"2026-03-09T18:19:33","guid":{"rendered":"https:\/\/planinicipartneri.vektoria.tech\/?page_id=643"},"modified":"2026-03-11T18:17:27","modified_gmt":"2026-03-11T18:17:27","slug":"pocetna","status":"publish","type":"page","link":"https:\/\/planinicipartneri.vektoria.tech\/","title":{"rendered":"Po\u010detna"},"content":{"rendered":"\t\t<div data-elementor-type=\"wp-page\" data-elementor-id=\"643\" class=\"elementor elementor-643\" data-elementor-settings=\"{&quot;ha_cmc_init_switcher&quot;:&quot;no&quot;}\" data-elementor-post-type=\"page\">\n\t\t\t\t\t\t<section class=\"elementor-section elementor-top-section elementor-element elementor-element-26de01e8 elementor-section-full_width elementor-section-height-default elementor-section-height-default\" data-id=\"26de01e8\" data-element_type=\"section\" data-e-type=\"section\" data-settings=\"{&quot;_ha_eqh_enable&quot;:false}\">\n\t\t\t\t\t\t\t<div class=\"elementor-background-overlay\"><\/div>\n\t\t\t\t\t\t\t<div class=\"elementor-container elementor-column-gap-default\">\n\t\t\t\t\t<div class=\"elementor-column elementor-col-50 elementor-top-column elementor-element elementor-element-27241f73\" data-id=\"27241f73\" data-element_type=\"column\" data-e-type=\"column\" data-settings=\"{&quot;background_background&quot;:&quot;classic&quot;}\">\n\t\t\t<div class=\"elementor-widget-wrap elementor-element-populated\">\n\t\t\t\t\t\t<div class=\"elementor-element elementor-element-4634436a elementor-widget elementor-widget-elementskit-heading\" data-id=\"4634436a\" data-element_type=\"widget\" data-e-type=\"widget\" data-widget_type=\"elementskit-heading.default\">\n\t\t\t\t\t<div class=\"ekit-wid-con\" ><div class=\"ekit-heading elementskit-section-title-wraper text_left   ekit_heading_tablet-   ekit_heading_mobile-\"><h1 class=\"ekit-heading--title elementskit-section-title \">Planini\u0107 i Partneri - <span><span>Nekretnine i savjetovanje<\/span><\/span><\/h1><\/div><\/div>\t\t\t\t<\/div>\n\t\t\t\t<div class=\"elementor-element elementor-element-56a65286 elementor-widget elementor-widget-text-editor\" data-id=\"56a65286\" data-element_type=\"widget\" data-e-type=\"widget\" data-widget_type=\"text-editor.default\">\n\t\t\t\t\t\t\t\t\t<p>Pru\u017eamo stru\u010dnu i sigurnu podr\u0161ku pri kupnji, prodaji i investiranju u nekretnine. Klijentima osiguravamo pouzdano vo\u0111enje kroz cijeli proces, od prve procjene do zavr\u0161etka transakcije. Na\u0161 cilj je za\u0161tititi va\u0161u vrijednost i donijeti mirno\u0107u u svakoj odluci.<\/p>\t\t\t\t\t\t\t\t<\/div>\n\t\t\t\t<div class=\"elementor-element elementor-element-53b4235e elementor-mobile-align-justify elementor-widget elementor-widget-button\" data-id=\"53b4235e\" data-element_type=\"widget\" data-e-type=\"widget\" data-widget_type=\"button.default\">\n\t\t\t\t\t\t\t\t\t\t<a class=\"elementor-button elementor-button-link elementor-size-sm\" href=\"https:\/\/planinicipartneri.vektoria.tech\/?page_id=721\">\n\t\t\t\t\t\t<span class=\"elementor-button-content-wrapper\">\n\t\t\t\t\t\t\t\t\t<span class=\"elementor-button-text\">Kontaktirajte nas<\/span>\n\t\t\t\t\t<\/span>\n\t\t\t\t\t<\/a>\n\t\t\t\t\t\t\t\t<\/div>\n\t\t\t\t\t<\/div>\n\t\t<\/div>\n\t\t\t\t<div class=\"elementor-column elementor-col-50 elementor-top-column elementor-element elementor-element-6dbfb848\" data-id=\"6dbfb848\" data-element_type=\"column\" data-e-type=\"column\" data-settings=\"{&quot;background_background&quot;:&quot;classic&quot;}\">\n\t\t\t<div class=\"elementor-widget-wrap elementor-element-populated\">\n\t\t\t\t\t<div class=\"elementor-background-overlay\"><\/div>\n\t\t\t\t\t\t<div class=\"elementor-element elementor-element-10c64e92 elementor-widget elementor-widget-spacer\" data-id=\"10c64e92\" data-element_type=\"widget\" data-e-type=\"widget\" data-widget_type=\"spacer.default\">\n\t\t\t\t\t\t\t<div class=\"elementor-spacer\">\n\t\t\t<div class=\"elementor-spacer-inner\"><\/div>\n\t\t<\/div>\n\t\t\t\t\t\t<\/div>\n\t\t\t\t\t<\/div>\n\t\t<\/div>\n\t\t\t\t\t<\/div>\n\t\t<\/section>\n\t\t\t\t<section class=\"elementor-section elementor-top-section elementor-element elementor-element-5002454 elementor-section-boxed elementor-section-height-default elementor-section-height-default\" data-id=\"5002454\" data-element_type=\"section\" data-e-type=\"section\" data-settings=\"{&quot;_ha_eqh_enable&quot;:false}\">\n\t\t\t\t\t\t<div class=\"elementor-container elementor-column-gap-extended\">\n\t\t\t\t\t<div class=\"elementor-column elementor-col-50 elementor-top-column elementor-element elementor-element-1613fa0\" data-id=\"1613fa0\" data-element_type=\"column\" data-e-type=\"column\">\n\t\t\t<div class=\"elementor-widget-wrap elementor-element-populated\">\n\t\t\t\t\t\t<div class=\"elementor-element elementor-element-24b0c9c ekit-equal-height-disable elementor-widget elementor-widget-elementskit-image-box\" data-id=\"24b0c9c\" data-element_type=\"widget\" data-e-type=\"widget\" data-widget_type=\"elementskit-image-box.default\">\n\t\t\t\t\t<div class=\"ekit-wid-con\" >\n            <div class=\"elementskit-info-image-box ekit-image-box text-left hover_from_center hover-border-bottom\" >\n\n                <a href=\"https:\/\/planinicipartneri.vektoria.tech\/?page_id=754\">\n                <div class=\"elementskit-box-header image-box-img-left\">\n\n                    \n                <\/div>\n                <\/a>\n                <div class=\"elementskit-box-body ekit-image-box-body\">\n                    <div class=\"elementskit-box-content ekit-image-box-body-inner\">\n                                                <h2 class=\"elementskit-info-box-title\">\n\n                        Za kupce\n                        \n                    <\/h2>\n                                                            <div class=\"elementskit-box-style-content\">\n                        Trebate pomo\u0107 pri pronalasku nekretnine? Poma\u017eemo vam prona\u0107i stan, ku\u0107u ili zemlji\u0161te koje odgovara va\u0161im \u017eeljama i bud\u017eetu te vas vodimo kroz cijeli proces kupnje.                    <\/div>\n                                    <\/div>\n\n                                <div class=\"elementskit-box-footer\">\n                    <div class=\"box-footer\">\n                        <div class=\"btn-wraper\">\n                                                            <a href=\"https:\/\/planinicipartneri.vektoria.tech\/?page_id=754\" class=\"elementskit-btn whitespace--normal\">\n                                    Odaberi\n                                    \n                                <\/a>\n                                                        <\/div>\n                    <\/div>\n                <\/div>\n                            <\/div>\n            <\/div>\n    <\/div>\t\t\t\t<\/div>\n\t\t\t\t\t<\/div>\n\t\t<\/div>\n\t\t\t\t<div class=\"elementor-column elementor-col-50 elementor-top-column elementor-element elementor-element-409fd9a\" data-id=\"409fd9a\" data-element_type=\"column\" data-e-type=\"column\">\n\t\t\t<div class=\"elementor-widget-wrap elementor-element-populated\">\n\t\t\t\t\t\t<div class=\"elementor-element elementor-element-d73aeb8 ekit-equal-height-disable elementor-widget elementor-widget-elementskit-image-box\" data-id=\"d73aeb8\" data-element_type=\"widget\" data-e-type=\"widget\" data-widget_type=\"elementskit-image-box.default\">\n\t\t\t\t\t<div class=\"ekit-wid-con\" >\n            <div class=\"elementskit-info-image-box ekit-image-box text-left hover_from_center hover-border-bottom\" >\n\n                <a href=\"https:\/\/planinicipartneri.vektoria.tech\/?page_id=762\">\n                <div class=\"elementskit-box-header image-box-img-left\">\n\n                    \n                <\/div>\n                <\/a>\n                <div class=\"elementskit-box-body ekit-image-box-body\">\n                    <div class=\"elementskit-box-content ekit-image-box-body-inner\">\n                                                <h2 class=\"elementskit-info-box-title\">\n\n                        Za prodavatelje\n                        \n                    <\/h2>\n                                                            <div class=\"elementskit-box-style-content\">\n                        \u017delite ostvariti najbolju cijenu pri prodaji nekretnine? Poma\u017eemo vam procijeniti vrijednost, prona\u0107i ozbiljne kupce i vodimo vas kroz cijeli proces prodaje.                    <\/div>\n                                    <\/div>\n\n                                <div class=\"elementskit-box-footer\">\n                    <div class=\"box-footer\">\n                        <div class=\"btn-wraper\">\n                                                            <a href=\"https:\/\/planinicipartneri.vektoria.tech\/?page_id=762\" class=\"elementskit-btn whitespace--normal\">\n                                    Odaberi\n                                    \n                                <\/a>\n                                                        <\/div>\n                    <\/div>\n                <\/div>\n                            <\/div>\n            <\/div>\n    <\/div>\t\t\t\t<\/div>\n\t\t\t\t\t<\/div>\n\t\t<\/div>\n\t\t\t\t\t<\/div>\n\t\t<\/section>\n\t\t<div class=\"elementor-element elementor-element-51c4bc9 e-flex e-con-boxed e-con e-parent\" data-id=\"51c4bc9\" data-element_type=\"container\" data-e-type=\"container\" data-settings=\"{&quot;_ha_eqh_enable&quot;:false}\">\n\t\t\t\t\t<div class=\"e-con-inner\">\n\t\t<div class=\"elementor-element elementor-element-143c469 e-con-full e-flex e-con e-child\" data-id=\"143c469\" data-element_type=\"container\" data-e-type=\"container\" data-settings=\"{&quot;_ha_eqh_enable&quot;:false}\">\n\t\t\t\t<div class=\"elementor-element elementor-element-8e6dda9 elementor-widget elementor-widget-image\" data-id=\"8e6dda9\" data-element_type=\"widget\" data-e-type=\"widget\" data-widget_type=\"image.default\">\n\t\t\t\t\t\t\t\t\t\t\t\t\t\t\t<img fetchpriority=\"high\" decoding=\"async\" width=\"800\" height=\"800\" src=\"https:\/\/planinicipartneri.vektoria.tech\/wp-content\/uploads\/2026\/03\/1-3.webp\" class=\"attachment-large size-large wp-image-1049\" alt=\"\" srcset=\"https:\/\/planinicipartneri.vektoria.tech\/wp-content\/uploads\/2026\/03\/1-3.webp 1000w, https:\/\/planinicipartneri.vektoria.tech\/wp-content\/uploads\/2026\/03\/1-3-300x300.webp 300w, https:\/\/planinicipartneri.vektoria.tech\/wp-content\/uploads\/2026\/03\/1-3-150x150.webp 150w, https:\/\/planinicipartneri.vektoria.tech\/wp-content\/uploads\/2026\/03\/1-3-768x768.webp 768w\" sizes=\"(max-width: 800px) 100vw, 800px\" \/>\t\t\t\t\t\t\t\t\t\t\t\t\t\t\t<\/div>\n\t\t\t\t<\/div>\n\t\t<div class=\"elementor-element elementor-element-ec017a9 e-con-full e-flex e-con e-child\" data-id=\"ec017a9\" data-element_type=\"container\" data-e-type=\"container\" data-settings=\"{&quot;_ha_eqh_enable&quot;:false}\">\n\t\t\t\t<div class=\"elementor-element elementor-element-52672d1 elementor-widget elementor-widget-image\" data-id=\"52672d1\" data-element_type=\"widget\" data-e-type=\"widget\" data-widget_type=\"image.default\">\n\t\t\t\t\t\t\t\t\t\t\t\t\t\t\t<img decoding=\"async\" width=\"800\" height=\"800\" src=\"https:\/\/planinicipartneri.vektoria.tech\/wp-content\/uploads\/2026\/03\/2-3.webp\" class=\"attachment-large size-large wp-image-1050\" alt=\"\" srcset=\"https:\/\/planinicipartneri.vektoria.tech\/wp-content\/uploads\/2026\/03\/2-3.webp 1000w, https:\/\/planinicipartneri.vektoria.tech\/wp-content\/uploads\/2026\/03\/2-3-300x300.webp 300w, https:\/\/planinicipartneri.vektoria.tech\/wp-content\/uploads\/2026\/03\/2-3-150x150.webp 150w, https:\/\/planinicipartneri.vektoria.tech\/wp-content\/uploads\/2026\/03\/2-3-768x768.webp 768w\" sizes=\"(max-width: 800px) 100vw, 800px\" \/>\t\t\t\t\t\t\t\t\t\t\t\t\t\t\t<\/div>\n\t\t\t\t<\/div>\n\t\t\t\t\t<\/div>\n\t\t\t\t<\/div>\n\t\t<div class=\"elementor-element elementor-element-0fcb630 e-flex e-con-boxed e-con e-parent\" data-id=\"0fcb630\" data-element_type=\"container\" data-e-type=\"container\" data-settings=\"{&quot;_ha_eqh_enable&quot;:false}\">\n\t\t\t\t\t<div class=\"e-con-inner\">\n\t\t\t\t<div class=\"elementor-element elementor-element-d5d56f2 elementor-widget elementor-widget-html\" data-id=\"d5d56f2\" data-element_type=\"widget\" data-e-type=\"widget\" data-widget_type=\"html.default\">\n\t\t\t\t\t<div class=\"kovar-marquee-wrap\">\r\n  <div class=\"kovar-marquee\">\r\n    <span>Kreditno savjetovanje<\/span>\r\n    <span>\u2022<\/span>\r\n    <span>Odvjetni\u010dka podr\u0161ka<\/span>\r\n    <span>\u2022<\/span>\r\n    <span>Energetsko certificiranje i procjene<\/span>\r\n    <span>\u2022<\/span>\r\n    <span>Sudski procjenitelji<\/span>\r\n    <span>\u2022<\/span>\r\n    <span>Gra\u0111evinski stru\u010dnjaci za radove<\/span>\r\n    <span>\u2022<\/span>\r\n\r\n    <span>Kreditno savjetovanje<\/span>\r\n    <span>\u2022<\/span>\r\n    <span>Odvjetni\u010dka podr\u0161ka<\/span>\r\n    <span>\u2022<\/span>\r\n    <span>Energetsko certificiranje i procjene<\/span>\r\n    <span>\u2022<\/span>\r\n    <span>Sudski procjenitelji<\/span>\r\n    <span>\u2022<\/span>\r\n    <span>Gra\u0111evinski stru\u010dnjaci za radove<\/span>\r\n    <span>\u2022<\/span>\r\n  <\/div>\r\n<\/div>\r\n\r\n<style>\r\n.kovar-marquee-wrap {\r\n  width: 100%;\r\n  overflow: hidden;\r\n  background: #ffffff;\r\n  padding: 14px 0;\r\n  white-space: nowrap;\r\n}\r\n\r\n.kovar-marquee {\r\n  display: inline-block;\r\n  white-space: nowrap;\r\n  animation: kovar-marquee 25s linear infinite;\r\n  color: #111111;\r\n  font-size: 16px;\r\n  font-weight: 500;\r\n}\r\n\r\n.kovar-marquee span {\r\n  display: inline-block;\r\n  margin: 0 18px;\r\n}\r\n\r\n@keyframes kovar-marquee {\r\n  0% {\r\n    transform: translateX(0);\r\n  }\r\n  100% {\r\n    transform: translateX(-50%);\r\n  }\r\n}\r\n<\/style>\t\t\t\t<\/div>\n\t\t\t\t\t<\/div>\n\t\t\t\t<\/div>\n\t\t\t\t<section class=\"elementor-section elementor-top-section elementor-element elementor-element-46a0fd77 elementor-section-content-middle elementor-section-boxed elementor-section-height-default elementor-section-height-default\" data-id=\"46a0fd77\" data-element_type=\"section\" data-e-type=\"section\" data-settings=\"{&quot;background_background&quot;:&quot;classic&quot;,&quot;_ha_eqh_enable&quot;:false}\">\n\t\t\t\t\t\t<div class=\"elementor-container elementor-column-gap-no\">\n\t\t\t\t\t<div class=\"elementor-column elementor-col-100 elementor-top-column elementor-element elementor-element-b291d82\" data-id=\"b291d82\" data-element_type=\"column\" data-e-type=\"column\">\n\t\t\t<div class=\"elementor-widget-wrap elementor-element-populated\">\n\t\t\t\t\t\t<section class=\"elementor-section elementor-inner-section elementor-element elementor-element-30a64205 elementor-section-content-middle elementor-section-boxed elementor-section-height-default elementor-section-height-default\" data-id=\"30a64205\" data-element_type=\"section\" data-e-type=\"section\" data-settings=\"{&quot;_ha_eqh_enable&quot;:false}\">\n\t\t\t\t\t\t<div class=\"elementor-container elementor-column-gap-default\">\n\t\t\t\t\t<div class=\"elementor-column elementor-col-50 elementor-inner-column elementor-element elementor-element-144b672f\" data-id=\"144b672f\" data-element_type=\"column\" data-e-type=\"column\">\n\t\t\t<div class=\"elementor-widget-wrap elementor-element-populated\">\n\t\t\t\t\t\t<div class=\"elementor-element elementor-element-1522e7b9 elementor-widget elementor-widget-heading\" data-id=\"1522e7b9\" data-element_type=\"widget\" data-e-type=\"widget\" data-widget_type=\"heading.default\">\n\t\t\t\t\t<h2 class=\"elementor-heading-title elementor-size-default\">U potrazi ste za nekretninom?<\/h2>\t\t\t\t<\/div>\n\t\t\t\t<div class=\"elementor-element elementor-element-258184b5 elementor-widget elementor-widget-text-editor\" data-id=\"258184b5\" data-element_type=\"widget\" data-e-type=\"widget\" data-widget_type=\"text-editor.default\">\n\t\t\t\t\t\t\t\t\t<p>Pogledajte na\u0161u ponudu na Nju\u0161kalu ili nas kontaktirajte direktno.<\/p>\t\t\t\t\t\t\t\t<\/div>\n\t\t\t\t\t<\/div>\n\t\t<\/div>\n\t\t\t\t<div class=\"elementor-column elementor-col-50 elementor-inner-column elementor-element elementor-element-4d7ced23\" data-id=\"4d7ced23\" data-element_type=\"column\" data-e-type=\"column\">\n\t\t\t<div class=\"elementor-widget-wrap elementor-element-populated\">\n\t\t\t\t\t\t<div class=\"elementor-element elementor-element-5242b972 elementor-align-justify elementor-widget elementor-widget-button\" data-id=\"5242b972\" data-element_type=\"widget\" data-e-type=\"widget\" data-widget_type=\"button.default\">\n\t\t\t\t\t\t\t\t\t\t<a class=\"elementor-button elementor-button-link elementor-size-sm\" href=\"https:\/\/www.njuskalo.hr\/trgovina\/Gaudiumnekretnine\">\n\t\t\t\t\t\t<span class=\"elementor-button-content-wrapper\">\n\t\t\t\t\t\t\t\t\t<span class=\"elementor-button-text\">Nju\u0161kalo<\/span>\n\t\t\t\t\t<\/span>\n\t\t\t\t\t<\/a>\n\t\t\t\t\t\t\t\t<\/div>\n\t\t\t\t<div class=\"elementor-element elementor-element-8cf97c7 elementor-align-justify elementor-widget elementor-widget-button\" data-id=\"8cf97c7\" data-element_type=\"widget\" data-e-type=\"widget\" data-widget_type=\"button.default\">\n\t\t\t\t\t\t\t\t\t\t<a class=\"elementor-button elementor-button-link elementor-size-sm\" href=\"https:\/\/planinicipartneri.vektoria.tech\/?page_id=721\">\n\t\t\t\t\t\t<span class=\"elementor-button-content-wrapper\">\n\t\t\t\t\t\t\t\t\t<span class=\"elementor-button-text\">Kontaktirajte nas<\/span>\n\t\t\t\t\t<\/span>\n\t\t\t\t\t<\/a>\n\t\t\t\t\t\t\t\t<\/div>\n\t\t\t\t\t<\/div>\n\t\t<\/div>\n\t\t\t\t\t<\/div>\n\t\t<\/section>\n\t\t\t\t\t<\/div>\n\t\t<\/div>\n\t\t\t\t\t<\/div>\n\t\t<\/section>\n\t\t\t\t<\/div>\n\t\t","protected":false},"excerpt":{"rendered":"<p>Planini\u0107 i Partneri &#8211; Nekretnine i savjetovanje Pru\u017eamo stru\u010dnu i sigurnu podr\u0161ku pri kupnji, prodaji i investiranju u nekretnine. Klijentima osiguravamo pouzdano vo\u0111enje kroz cijeli proces, od prve procjene do zavr\u0161etka transakcije. Na\u0161 cilj je za\u0161tititi va\u0161u vrijednost i donijeti mirno\u0107u u svakoj odluci. Kontaktirajte nas Za kupce Trebate pomo\u0107 pri pronalasku nekretnine? Poma\u017eemo vam [&hellip;]<\/p>\n","protected":false},"author":1,"featured_media":0,"parent":0,"menu_order":0,"comment_status":"closed","ping_status":"closed","template":"elementor_header_footer","meta":{"footnotes":""},"class_list":["post-643","page","type-page","status-publish","hentry"],"_links":{"self":[{"href":"https:\/\/planinicipartneri.vektoria.tech\/index.php?rest_route=\/wp\/v2\/pages\/643","targetHints":{"allow":["GET"]}}],"collection":[{"href":"https:\/\/planinicipartneri.vektoria.tech\/index.php?rest_route=\/wp\/v2\/pages"}],"about":[{"href":"https:\/\/planinicipartneri.vektoria.tech\/index.php?rest_route=\/wp\/v2\/types\/page"}],"author":[{"embeddable":true,"href":"https:\/\/planinicipartneri.vektoria.tech\/index.php?rest_route=\/wp\/v2\/users\/1"}],"replies":[{"embeddable":true,"href":"https:\/\/planinicipartneri.vektoria.tech\/index.php?rest_route=%2Fwp%2Fv2%2Fcomments&post=643"}],"version-history":[{"count":5,"href":"https:\/\/planinicipartneri.vektoria.tech\/index.php?rest_route=\/wp\/v2\/pages\/643\/revisions"}],"predecessor-version":[{"id":1103,"href":"https:\/\/planinicipartneri.vektoria.tech\/index.php?rest_route=\/wp\/v2\/pages\/643\/revisions\/1103"}],"wp:attachment":[{"href":"https:\/\/planinicipartneri.vektoria.tech\/index.php?rest_route=%2Fwp%2Fv2%2Fmedia&parent=643"}],"curies":[{"name":"wp","href":"https:\/\/api.w.org\/{rel}","templated":true}]}}