{"id":754,"date":"2026-03-09T20:47:37","date_gmt":"2026-03-09T20:47:37","guid":{"rendered":"https:\/\/planinicipartneri.vektoria.tech\/?page_id=754"},"modified":"2026-03-11T19:48:43","modified_gmt":"2026-03-11T19:48:43","slug":"za-kupce","status":"publish","type":"page","link":"https:\/\/planinicipartneri.vektoria.tech\/?page_id=754","title":{"rendered":"Za kupce"},"content":{"rendered":"\t\t<div data-elementor-type=\"wp-page\" data-elementor-id=\"754\" class=\"elementor elementor-754\" data-elementor-settings=\"{&quot;ha_cmc_init_switcher&quot;:&quot;no&quot;}\" data-elementor-post-type=\"page\">\n\t\t\t\t\t\t<section class=\"elementor-section elementor-top-section elementor-element elementor-element-33b3f8b9 elementor-section-full_width elementor-section-height-default elementor-section-height-default\" data-id=\"33b3f8b9\" data-element_type=\"section\" data-e-type=\"section\" data-settings=\"{&quot;_ha_eqh_enable&quot;:false}\">\n\t\t\t\t\t\t<div class=\"elementor-container elementor-column-gap-default\">\n\t\t\t\t\t<div class=\"elementor-column elementor-col-50 elementor-top-column elementor-element elementor-element-320790c8\" data-id=\"320790c8\" data-element_type=\"column\" data-e-type=\"column\" data-settings=\"{&quot;background_background&quot;:&quot;classic&quot;}\">\n\t\t\t<div class=\"elementor-widget-wrap elementor-element-populated\">\n\t\t\t\t\t\t<div class=\"elementor-element elementor-element-9ae02a1 elementor-widget elementor-widget-elementskit-heading\" data-id=\"9ae02a1\" data-element_type=\"widget\" data-e-type=\"widget\" data-widget_type=\"elementskit-heading.default\">\n\t\t\t\t\t<div class=\"ekit-wid-con\" ><div class=\"ekit-heading elementskit-section-title-wraper text_left   ekit_heading_tablet-   ekit_heading_mobile-text_left\"><h1 class=\"ekit-heading--title elementskit-section-title \">Za kupce<\/h1><div class=\"ekit_heading_separetor_wraper ekit_heading_elementskit-border-divider ekit-dotted\"><div class=\"elementskit-border-divider ekit-dotted\"><\/div><\/div>\t\t\t\t<div class='ekit-heading__description'>\n\t\t\t\t\t<p>Poma\u017eemo vam prona\u0107i stan, ku\u0107u ili zemlji\u0161te koje odgovara va\u0161im \u017eeljama i bud\u017eetu te vas vodimo kroz cijeli proces kupnje.<\/p>\n\t\t\t\t<\/div>\n\t\t\t<\/div><\/div>\t\t\t\t<\/div>\n\t\t\t\t<div class=\"elementor-element elementor-element-c813bae elementor-align-justify elementor-widget__width-auto elementor-widget elementor-widget-button\" data-id=\"c813bae\" data-element_type=\"widget\" data-e-type=\"widget\" data-widget_type=\"button.default\">\n\t\t\t\t\t\t\t\t\t\t<a class=\"elementor-button elementor-button-link elementor-size-sm\" href=\"https:\/\/planinicipartneri.vektoria.tech\/?page_id=721\">\n\t\t\t\t\t\t<span class=\"elementor-button-content-wrapper\">\n\t\t\t\t\t\t\t\t\t<span class=\"elementor-button-text\">Kontaktirajte nas<\/span>\n\t\t\t\t\t<\/span>\n\t\t\t\t\t<\/a>\n\t\t\t\t\t\t\t\t<\/div>\n\t\t\t\t\t<\/div>\n\t\t<\/div>\n\t\t\t\t<div class=\"elementor-column elementor-col-50 elementor-top-column elementor-element elementor-element-1e1b49c9\" data-id=\"1e1b49c9\" data-element_type=\"column\" data-e-type=\"column\" data-settings=\"{&quot;background_background&quot;:&quot;classic&quot;}\">\n\t\t\t<div class=\"elementor-widget-wrap elementor-element-populated\">\n\t\t\t\t\t<div class=\"elementor-background-overlay\"><\/div>\n\t\t\t\t\t\t<div class=\"elementor-element elementor-element-4ee416dc elementor-widget elementor-widget-spacer\" data-id=\"4ee416dc\" data-element_type=\"widget\" data-e-type=\"widget\" data-widget_type=\"spacer.default\">\n\t\t\t\t\t\t\t<div class=\"elementor-spacer\">\n\t\t\t<div class=\"elementor-spacer-inner\"><\/div>\n\t\t<\/div>\n\t\t\t\t\t\t<\/div>\n\t\t\t\t\t<\/div>\n\t\t<\/div>\n\t\t\t\t\t<\/div>\n\t\t<\/section>\n\t\t<div class=\"elementor-element elementor-element-9442dc7 e-flex e-con-boxed e-con e-parent\" data-id=\"9442dc7\" data-element_type=\"container\" data-e-type=\"container\" data-settings=\"{&quot;_ha_eqh_enable&quot;:false}\">\n\t\t\t\t\t<div class=\"e-con-inner\">\n\t\t<div class=\"elementor-element elementor-element-4023168 e-con-full e-flex e-con e-child\" data-id=\"4023168\" data-element_type=\"container\" data-e-type=\"container\" data-settings=\"{&quot;_ha_eqh_enable&quot;:false}\">\n\t\t\t\t<div class=\"elementor-element elementor-element-4215420 elementor-widget elementor-widget-heading\" data-id=\"4215420\" data-element_type=\"widget\" data-e-type=\"widget\" data-widget_type=\"heading.default\">\n\t\t\t\t\t<h2 class=\"elementor-heading-title elementor-size-default\">Kako radimo s kupcima?<\/h2>\t\t\t\t<\/div>\n\t\t\t\t<div class=\"elementor-element elementor-element-d9325af elementor-icon-list--layout-traditional elementor-list-item-link-full_width elementor-widget elementor-widget-icon-list\" data-id=\"d9325af\" data-element_type=\"widget\" data-e-type=\"widget\" data-widget_type=\"icon-list.default\">\n\t\t\t\t\t\t\t<ul class=\"elementor-icon-list-items\">\n\t\t\t\t\t\t\t<li class=\"elementor-icon-list-item\">\n\t\t\t\t\t\t\t\t\t\t\t<span class=\"elementor-icon-list-icon\">\n\t\t\t\t\t\t\t<svg aria-hidden=\"true\" class=\"e-font-icon-svg e-fas-check-circle\" viewBox=\"0 0 512 512\" xmlns=\"http:\/\/www.w3.org\/2000\/svg\"><path d=\"M504 256c0 136.967-111.033 248-248 248S8 392.967 8 256 119.033 8 256 8s248 111.033 248 248zM227.314 387.314l184-184c6.248-6.248 6.248-16.379 0-22.627l-22.627-22.627c-6.248-6.249-16.379-6.249-22.628 0L216 308.118l-70.059-70.059c-6.248-6.248-16.379-6.248-22.628 0l-22.627 22.627c-6.248 6.248-6.248 16.379 0 22.627l104 104c6.249 6.249 16.379 6.249 22.628.001z\"><\/path><\/svg>\t\t\t\t\t\t<\/span>\n\t\t\t\t\t\t\t\t\t\t<span class=\"elementor-icon-list-text\">pomo\u0107 pri pronalasku nekretnine<\/span>\n\t\t\t\t\t\t\t\t\t<\/li>\n\t\t\t\t\t\t\t\t<li class=\"elementor-icon-list-item\">\n\t\t\t\t\t\t\t\t\t\t\t<span class=\"elementor-icon-list-icon\">\n\t\t\t\t\t\t\t<svg aria-hidden=\"true\" class=\"e-font-icon-svg e-fas-check-circle\" viewBox=\"0 0 512 512\" xmlns=\"http:\/\/www.w3.org\/2000\/svg\"><path d=\"M504 256c0 136.967-111.033 248-248 248S8 392.967 8 256 119.033 8 256 8s248 111.033 248 248zM227.314 387.314l184-184c6.248-6.248 6.248-16.379 0-22.627l-22.627-22.627c-6.248-6.249-16.379-6.249-22.628 0L216 308.118l-70.059-70.059c-6.248-6.248-16.379-6.248-22.628 0l-22.627 22.627c-6.248 6.248-6.248 16.379 0 22.627l104 104c6.249 6.249 16.379 6.249 22.628.001z\"><\/path><\/svg>\t\t\t\t\t\t<\/span>\n\t\t\t\t\t\t\t\t\t\t<span class=\"elementor-icon-list-text\">organizacija razgledavanja<\/span>\n\t\t\t\t\t\t\t\t\t<\/li>\n\t\t\t\t\t\t\t\t<li class=\"elementor-icon-list-item\">\n\t\t\t\t\t\t\t\t\t\t\t<span class=\"elementor-icon-list-icon\">\n\t\t\t\t\t\t\t<svg aria-hidden=\"true\" class=\"e-font-icon-svg e-fas-check-circle\" viewBox=\"0 0 512 512\" xmlns=\"http:\/\/www.w3.org\/2000\/svg\"><path d=\"M504 256c0 136.967-111.033 248-248 248S8 392.967 8 256 119.033 8 256 8s248 111.033 248 248zM227.314 387.314l184-184c6.248-6.248 6.248-16.379 0-22.627l-22.627-22.627c-6.248-6.249-16.379-6.249-22.628 0L216 308.118l-70.059-70.059c-6.248-6.248-16.379-6.248-22.628 0l-22.627 22.627c-6.248 6.248-6.248 16.379 0 22.627l104 104c6.249 6.249 16.379 6.249 22.628.001z\"><\/path><\/svg>\t\t\t\t\t\t<\/span>\n\t\t\t\t\t\t\t\t\t\t<span class=\"elementor-icon-list-text\">provjera osnovne dokumentacije<\/span>\n\t\t\t\t\t\t\t\t\t<\/li>\n\t\t\t\t\t\t\t\t<li class=\"elementor-icon-list-item\">\n\t\t\t\t\t\t\t\t\t\t\t<span class=\"elementor-icon-list-icon\">\n\t\t\t\t\t\t\t<svg aria-hidden=\"true\" class=\"e-font-icon-svg e-fas-check-circle\" viewBox=\"0 0 512 512\" xmlns=\"http:\/\/www.w3.org\/2000\/svg\"><path d=\"M504 256c0 136.967-111.033 248-248 248S8 392.967 8 256 119.033 8 256 8s248 111.033 248 248zM227.314 387.314l184-184c6.248-6.248 6.248-16.379 0-22.627l-22.627-22.627c-6.248-6.249-16.379-6.249-22.628 0L216 308.118l-70.059-70.059c-6.248-6.248-16.379-6.248-22.628 0l-22.627 22.627c-6.248 6.248-6.248 16.379 0 22.627l104 104c6.249 6.249 16.379 6.249 22.628.001z\"><\/path><\/svg>\t\t\t\t\t\t<\/span>\n\t\t\t\t\t\t\t\t\t\t<span class=\"elementor-icon-list-text\">komunikacija s prodavateljem<\/span>\n\t\t\t\t\t\t\t\t\t<\/li>\n\t\t\t\t\t\t\t\t<li class=\"elementor-icon-list-item\">\n\t\t\t\t\t\t\t\t\t\t\t<span class=\"elementor-icon-list-icon\">\n\t\t\t\t\t\t\t<svg aria-hidden=\"true\" class=\"e-font-icon-svg e-fas-check-circle\" viewBox=\"0 0 512 512\" xmlns=\"http:\/\/www.w3.org\/2000\/svg\"><path d=\"M504 256c0 136.967-111.033 248-248 248S8 392.967 8 256 119.033 8 256 8s248 111.033 248 248zM227.314 387.314l184-184c6.248-6.248 6.248-16.379 0-22.627l-22.627-22.627c-6.248-6.249-16.379-6.249-22.628 0L216 308.118l-70.059-70.059c-6.248-6.248-16.379-6.248-22.628 0l-22.627 22.627c-6.248 6.248-6.248 16.379 0 22.627l104 104c6.249 6.249 16.379 6.249 22.628.001z\"><\/path><\/svg>\t\t\t\t\t\t<\/span>\n\t\t\t\t\t\t\t\t\t\t<span class=\"elementor-icon-list-text\">podr\u0161ka kroz cijeli proces kupnje<\/span>\n\t\t\t\t\t\t\t\t\t<\/li>\n\t\t\t\t\t\t<\/ul>\n\t\t\t\t\t\t<\/div>\n\t\t\t\t<\/div>\n\t\t<div class=\"elementor-element elementor-element-2695b10 e-con-full e-flex e-con e-child\" data-id=\"2695b10\" data-element_type=\"container\" data-e-type=\"container\" data-settings=\"{&quot;_ha_eqh_enable&quot;:false}\">\n\t\t\t\t<div class=\"elementor-element elementor-element-ba7a050 ha-has-bg-overlay elementor-widget elementor-widget-image\" data-id=\"ba7a050\" data-element_type=\"widget\" data-e-type=\"widget\" data-widget_type=\"image.default\">\n\t\t\t\t\t\t\t\t\t\t\t\t\t\t\t<img fetchpriority=\"high\" decoding=\"async\" width=\"800\" height=\"534\" src=\"https:\/\/planinicipartneri.vektoria.tech\/wp-content\/uploads\/2026\/03\/3-1-1024x683.webp\" class=\"attachment-large size-large wp-image-992\" alt=\"\" srcset=\"https:\/\/planinicipartneri.vektoria.tech\/wp-content\/uploads\/2026\/03\/3-1-1024x683.webp 1024w, https:\/\/planinicipartneri.vektoria.tech\/wp-content\/uploads\/2026\/03\/3-1-300x200.webp 300w, https:\/\/planinicipartneri.vektoria.tech\/wp-content\/uploads\/2026\/03\/3-1-768x512.webp 768w, https:\/\/planinicipartneri.vektoria.tech\/wp-content\/uploads\/2026\/03\/3-1.webp 1500w\" sizes=\"(max-width: 800px) 100vw, 800px\" \/>\t\t\t\t\t\t\t\t\t\t\t\t\t\t\t<\/div>\n\t\t\t\t<\/div>\n\t\t\t\t\t<\/div>\n\t\t\t\t<\/div>\n\t\t<div class=\"elementor-element elementor-element-d7587e0 e-flex e-con-boxed e-con e-parent\" data-id=\"d7587e0\" data-element_type=\"container\" data-e-type=\"container\" data-settings=\"{&quot;_ha_eqh_enable&quot;:false}\">\n\t\t\t\t\t<div class=\"e-con-inner\">\n\t\t\t\t<div class=\"elementor-element elementor-element-24256b9 elementor-widget elementor-widget-heading\" data-id=\"24256b9\" data-element_type=\"widget\" data-e-type=\"widget\" data-widget_type=\"heading.default\">\n\t\t\t\t\t<h2 class=\"elementor-heading-title elementor-size-default\">Kako izgleda proces kupnje?<\/h2>\t\t\t\t<\/div>\n\t\t<div class=\"elementor-element elementor-element-0125695 e-grid e-con-full e-con e-child\" data-id=\"0125695\" data-element_type=\"container\" data-e-type=\"container\" data-settings=\"{&quot;_ha_eqh_enable&quot;:false}\">\n\t\t\t\t<div class=\"elementor-element elementor-element-2f4c3e6 elementor-position-top elementor-widget elementor-widget-image-box\" data-id=\"2f4c3e6\" data-element_type=\"widget\" data-e-type=\"widget\" data-widget_type=\"image-box.default\">\n\t\t\t\t\t<div class=\"elementor-image-box-wrapper\"><figure class=\"elementor-image-box-img\"><img decoding=\"async\" width=\"500\" height=\"500\" src=\"https:\/\/planinicipartneri.vektoria.tech\/wp-content\/uploads\/2026\/03\/1-1.webp\" class=\"attachment-full size-full wp-image-944\" alt=\"\" srcset=\"https:\/\/planinicipartneri.vektoria.tech\/wp-content\/uploads\/2026\/03\/1-1.webp 500w, https:\/\/planinicipartneri.vektoria.tech\/wp-content\/uploads\/2026\/03\/1-1-300x300.webp 300w, https:\/\/planinicipartneri.vektoria.tech\/wp-content\/uploads\/2026\/03\/1-1-150x150.webp 150w\" sizes=\"(max-width: 500px) 100vw, 500px\" \/><\/figure><div class=\"elementor-image-box-content\"><h3 class=\"elementor-image-box-title\">Razgovor i definiranje \u017eelja<\/h3><p class=\"elementor-image-box-description\">Kratko razgovaramo o bud\u017eetu, lokaciji i vrsti nekretnine koju tra\u017eite.<\/p><\/div><\/div>\t\t\t\t<\/div>\n\t\t\t\t<div class=\"elementor-element elementor-element-14ac802 elementor-position-top elementor-widget elementor-widget-image-box\" data-id=\"14ac802\" data-element_type=\"widget\" data-e-type=\"widget\" data-widget_type=\"image-box.default\">\n\t\t\t\t\t<div class=\"elementor-image-box-wrapper\"><figure class=\"elementor-image-box-img\"><img decoding=\"async\" width=\"500\" height=\"500\" src=\"https:\/\/planinicipartneri.vektoria.tech\/wp-content\/uploads\/2026\/03\/2-1.webp\" class=\"attachment-full size-full wp-image-945\" alt=\"\" srcset=\"https:\/\/planinicipartneri.vektoria.tech\/wp-content\/uploads\/2026\/03\/2-1.webp 500w, https:\/\/planinicipartneri.vektoria.tech\/wp-content\/uploads\/2026\/03\/2-1-300x300.webp 300w, https:\/\/planinicipartneri.vektoria.tech\/wp-content\/uploads\/2026\/03\/2-1-150x150.webp 150w\" sizes=\"(max-width: 500px) 100vw, 500px\" \/><\/figure><div class=\"elementor-image-box-content\"><h3 class=\"elementor-image-box-title\">Odabir i razgledavanje<\/h3><p class=\"elementor-image-box-description\">Predla\u017eemo odgovaraju\u0107e nekretnine i organiziramo razgledavanja.<\/p><\/div><\/div>\t\t\t\t<\/div>\n\t\t\t\t<div class=\"elementor-element elementor-element-cb9e140 elementor-position-top elementor-widget elementor-widget-image-box\" data-id=\"cb9e140\" data-element_type=\"widget\" data-e-type=\"widget\" data-widget_type=\"image-box.default\">\n\t\t\t\t\t<div class=\"elementor-image-box-wrapper\"><figure class=\"elementor-image-box-img\"><img loading=\"lazy\" decoding=\"async\" width=\"500\" height=\"500\" src=\"https:\/\/planinicipartneri.vektoria.tech\/wp-content\/uploads\/2026\/03\/3.webp\" class=\"attachment-full size-full wp-image-946\" alt=\"\" srcset=\"https:\/\/planinicipartneri.vektoria.tech\/wp-content\/uploads\/2026\/03\/3.webp 500w, https:\/\/planinicipartneri.vektoria.tech\/wp-content\/uploads\/2026\/03\/3-300x300.webp 300w, https:\/\/planinicipartneri.vektoria.tech\/wp-content\/uploads\/2026\/03\/3-150x150.webp 150w\" sizes=\"(max-width: 500px) 100vw, 500px\" \/><\/figure><div class=\"elementor-image-box-content\"><h3 class=\"elementor-image-box-title\">Pregovori i kupnja<\/h3><p class=\"elementor-image-box-description\">Poma\u017eemo u dogovoru s prodavateljem i vodimo vas kroz zavr\u0161ne korake do kupnje.<\/p><\/div><\/div>\t\t\t\t<\/div>\n\t\t\t\t<\/div>\n\t\t\t\t\t<\/div>\n\t\t\t\t<\/div>\n\t\t<div class=\"elementor-element elementor-element-1de05d2 e-flex e-con-boxed e-con e-parent\" data-id=\"1de05d2\" data-element_type=\"container\" data-e-type=\"container\" data-settings=\"{&quot;_ha_eqh_enable&quot;:false}\">\n\t\t\t\t\t<div class=\"e-con-inner\">\n\t\t\t\t<div class=\"elementor-element elementor-element-4b7947a elementor-widget elementor-widget-html\" data-id=\"4b7947a\" data-element_type=\"widget\" data-e-type=\"widget\" data-widget_type=\"html.default\">\n\t\t\t\t\t<div class=\"kovar-marquee-wrap\">\r\n  <div class=\"kovar-marquee\">\r\n    <span>Kreditno savjetovanje<\/span>\r\n    <span>\u2022<\/span>\r\n    <span>Odvjetni\u010dka podr\u0161ka<\/span>\r\n    <span>\u2022<\/span>\r\n    <span>Energetsko certificiranje i procjene<\/span>\r\n    <span>\u2022<\/span>\r\n    <span>Sudski procjenitelji<\/span>\r\n    <span>\u2022<\/span>\r\n    <span>Gra\u0111evinski stru\u010dnjaci za radove<\/span>\r\n    <span>\u2022<\/span>\r\n\r\n    <span>Kreditno savjetovanje<\/span>\r\n    <span>\u2022<\/span>\r\n    <span>Odvjetni\u010dka podr\u0161ka<\/span>\r\n    <span>\u2022<\/span>\r\n    <span>Energetsko certificiranje i procjene<\/span>\r\n    <span>\u2022<\/span>\r\n    <span>Sudski procjenitelji<\/span>\r\n    <span>\u2022<\/span>\r\n    <span>Gra\u0111evinski stru\u010dnjaci za radove<\/span>\r\n    <span>\u2022<\/span>\r\n  <\/div>\r\n<\/div>\r\n\r\n<style>\r\n.kovar-marquee-wrap {\r\n  width: 100%;\r\n  overflow: hidden;\r\n  background: #ffffff;\r\n  padding: 14px 0;\r\n  white-space: nowrap;\r\n}\r\n\r\n.kovar-marquee {\r\n  display: inline-block;\r\n  white-space: nowrap;\r\n  animation: kovar-marquee 25s linear infinite;\r\n  color: #111111;\r\n  font-size: 16px;\r\n  font-weight: 500;\r\n}\r\n\r\n.kovar-marquee span {\r\n  display: inline-block;\r\n  margin: 0 18px;\r\n}\r\n\r\n@keyframes kovar-marquee {\r\n  0% {\r\n    transform: translateX(0);\r\n  }\r\n  100% {\r\n    transform: translateX(-50%);\r\n  }\r\n}\r\n<\/style>\t\t\t\t<\/div>\n\t\t\t\t\t<\/div>\n\t\t\t\t<\/div>\n\t\t\t\t<section class=\"elementor-section elementor-top-section elementor-element elementor-element-b32fb82 elementor-section-content-middle elementor-section-boxed elementor-section-height-default elementor-section-height-default\" data-id=\"b32fb82\" data-element_type=\"section\" data-e-type=\"section\" data-settings=\"{&quot;background_background&quot;:&quot;classic&quot;,&quot;_ha_eqh_enable&quot;:false}\">\n\t\t\t\t\t\t<div class=\"elementor-container elementor-column-gap-no\">\n\t\t\t\t\t<div class=\"elementor-column elementor-col-100 elementor-top-column elementor-element elementor-element-016b0bc\" data-id=\"016b0bc\" data-element_type=\"column\" data-e-type=\"column\">\n\t\t\t<div class=\"elementor-widget-wrap elementor-element-populated\">\n\t\t\t\t\t\t<section class=\"elementor-section elementor-inner-section elementor-element elementor-element-1d30525 elementor-section-content-middle elementor-section-boxed elementor-section-height-default elementor-section-height-default\" data-id=\"1d30525\" data-element_type=\"section\" data-e-type=\"section\" data-settings=\"{&quot;_ha_eqh_enable&quot;:false}\">\n\t\t\t\t\t\t<div class=\"elementor-container elementor-column-gap-default\">\n\t\t\t\t\t<div class=\"elementor-column elementor-col-50 elementor-inner-column elementor-element elementor-element-f79b63d\" data-id=\"f79b63d\" data-element_type=\"column\" data-e-type=\"column\">\n\t\t\t<div class=\"elementor-widget-wrap elementor-element-populated\">\n\t\t\t\t\t\t<div class=\"elementor-element elementor-element-a9db565 elementor-widget elementor-widget-heading\" data-id=\"a9db565\" data-element_type=\"widget\" data-e-type=\"widget\" data-widget_type=\"heading.default\">\n\t\t\t\t\t<h2 class=\"elementor-heading-title elementor-size-default\">U potrazi ste za nekretninom?<\/h2>\t\t\t\t<\/div>\n\t\t\t\t<div class=\"elementor-element elementor-element-d288533 elementor-widget elementor-widget-text-editor\" data-id=\"d288533\" data-element_type=\"widget\" data-e-type=\"widget\" data-widget_type=\"text-editor.default\">\n\t\t\t\t\t\t\t\t\t<p>Pogledajte na\u0161u ponudu na Nju\u0161kalu ili nas kontaktirajte direktno.<\/p>\t\t\t\t\t\t\t\t<\/div>\n\t\t\t\t\t<\/div>\n\t\t<\/div>\n\t\t\t\t<div class=\"elementor-column elementor-col-50 elementor-inner-column elementor-element elementor-element-f489c1b\" data-id=\"f489c1b\" data-element_type=\"column\" data-e-type=\"column\">\n\t\t\t<div class=\"elementor-widget-wrap elementor-element-populated\">\n\t\t\t\t\t\t<div class=\"elementor-element elementor-element-6b1e0bb elementor-align-justify elementor-widget elementor-widget-button\" data-id=\"6b1e0bb\" data-element_type=\"widget\" data-e-type=\"widget\" data-widget_type=\"button.default\">\n\t\t\t\t\t\t\t\t\t\t<a class=\"elementor-button elementor-button-link elementor-size-sm\" href=\"https:\/\/www.njuskalo.hr\/trgovina\/Gaudiumnekretnine\">\n\t\t\t\t\t\t<span class=\"elementor-button-content-wrapper\">\n\t\t\t\t\t\t\t\t\t<span class=\"elementor-button-text\">Nju\u0161kalo<\/span>\n\t\t\t\t\t<\/span>\n\t\t\t\t\t<\/a>\n\t\t\t\t\t\t\t\t<\/div>\n\t\t\t\t<div class=\"elementor-element elementor-element-fee5831 elementor-align-justify elementor-widget elementor-widget-button\" data-id=\"fee5831\" data-element_type=\"widget\" data-e-type=\"widget\" data-widget_type=\"button.default\">\n\t\t\t\t\t\t\t\t\t\t<a class=\"elementor-button elementor-button-link elementor-size-sm\" href=\"https:\/\/planinicipartneri.vektoria.tech\/?page_id=721\">\n\t\t\t\t\t\t<span class=\"elementor-button-content-wrapper\">\n\t\t\t\t\t\t\t\t\t<span class=\"elementor-button-text\">Kontaktirajte nas<\/span>\n\t\t\t\t\t<\/span>\n\t\t\t\t\t<\/a>\n\t\t\t\t\t\t\t\t<\/div>\n\t\t\t\t\t<\/div>\n\t\t<\/div>\n\t\t\t\t\t<\/div>\n\t\t<\/section>\n\t\t\t\t\t<\/div>\n\t\t<\/div>\n\t\t\t\t\t<\/div>\n\t\t<\/section>\n\t\t\t\t<\/div>\n\t\t","protected":false},"excerpt":{"rendered":"<p>Za kupce Poma\u017eemo vam prona\u0107i stan, ku\u0107u ili zemlji\u0161te koje odgovara va\u0161im \u017eeljama i bud\u017eetu te vas vodimo kroz cijeli proces kupnje. Kontaktirajte nas Kako radimo s kupcima? pomo\u0107 pri pronalasku nekretnine organizacija razgledavanja provjera osnovne dokumentacije komunikacija s prodavateljem podr\u0161ka kroz cijeli proces kupnje Kako izgleda proces kupnje? Razgovor i definiranje \u017eelja Kratko razgovaramo [&hellip;]<\/p>\n","protected":false},"author":1,"featured_media":0,"parent":0,"menu_order":0,"comment_status":"closed","ping_status":"closed","template":"elementor_header_footer","meta":{"footnotes":""},"class_list":["post-754","page","type-page","status-publish","hentry"],"_links":{"self":[{"href":"https:\/\/planinicipartneri.vektoria.tech\/index.php?rest_route=\/wp\/v2\/pages\/754","targetHints":{"allow":["GET"]}}],"collection":[{"href":"https:\/\/planinicipartneri.vektoria.tech\/index.php?rest_route=\/wp\/v2\/pages"}],"about":[{"href":"https:\/\/planinicipartneri.vektoria.tech\/index.php?rest_route=\/wp\/v2\/types\/page"}],"author":[{"embeddable":true,"href":"https:\/\/planinicipartneri.vektoria.tech\/index.php?rest_route=\/wp\/v2\/users\/1"}],"replies":[{"embeddable":true,"href":"https:\/\/planinicipartneri.vektoria.tech\/index.php?rest_route=%2Fwp%2Fv2%2Fcomments&post=754"}],"version-history":[{"count":5,"href":"https:\/\/planinicipartneri.vektoria.tech\/index.php?rest_route=\/wp\/v2\/pages\/754\/revisions"}],"predecessor-version":[{"id":1106,"href":"https:\/\/planinicipartneri.vektoria.tech\/index.php?rest_route=\/wp\/v2\/pages\/754\/revisions\/1106"}],"wp:attachment":[{"href":"https:\/\/planinicipartneri.vektoria.tech\/index.php?rest_route=%2Fwp%2Fv2%2Fmedia&parent=754"}],"curies":[{"name":"wp","href":"https:\/\/api.w.org\/{rel}","templated":true}]}}