{"id":762,"date":"2026-03-09T20:50:42","date_gmt":"2026-03-09T20:50:42","guid":{"rendered":"https:\/\/planinicipartneri.vektoria.tech\/?page_id=762"},"modified":"2026-03-11T21:01:31","modified_gmt":"2026-03-11T21:01:31","slug":"za-prodavatelje","status":"publish","type":"page","link":"https:\/\/planinicipartneri.vektoria.tech\/?page_id=762","title":{"rendered":"Za prodavatelje"},"content":{"rendered":"\t\t<div data-elementor-type=\"wp-page\" data-elementor-id=\"762\" class=\"elementor elementor-762\" data-elementor-settings=\"{&quot;ha_cmc_init_switcher&quot;:&quot;no&quot;}\" data-elementor-post-type=\"page\">\n\t\t\t\t\t\t<section class=\"elementor-section elementor-top-section elementor-element elementor-element-462e3b06 elementor-section-full_width elementor-section-height-default elementor-section-height-default\" data-id=\"462e3b06\" data-element_type=\"section\" data-e-type=\"section\" data-settings=\"{&quot;_ha_eqh_enable&quot;:false}\">\n\t\t\t\t\t\t<div class=\"elementor-container elementor-column-gap-default\">\n\t\t\t\t\t<div class=\"elementor-column elementor-col-50 elementor-top-column elementor-element elementor-element-6702b3f\" data-id=\"6702b3f\" data-element_type=\"column\" data-e-type=\"column\" data-settings=\"{&quot;background_background&quot;:&quot;classic&quot;}\">\n\t\t\t<div class=\"elementor-widget-wrap elementor-element-populated\">\n\t\t\t\t\t\t<div class=\"elementor-element elementor-element-1fbd007b elementor-widget elementor-widget-elementskit-heading\" data-id=\"1fbd007b\" data-element_type=\"widget\" data-e-type=\"widget\" data-widget_type=\"elementskit-heading.default\">\n\t\t\t\t\t<div class=\"ekit-wid-con\" ><div class=\"ekit-heading elementskit-section-title-wraper text_left   ekit_heading_tablet-   ekit_heading_mobile-text_left\"><h1 class=\"ekit-heading--title elementskit-section-title \">Za prodavatelje<\/h1><div class=\"ekit_heading_separetor_wraper ekit_heading_elementskit-border-divider ekit-dotted\"><div class=\"elementskit-border-divider ekit-dotted\"><\/div><\/div>\t\t\t\t<div class='ekit-heading__description'>\n\t\t\t\t\t<p>Poma\u017eemo vam prodati stan, ku\u0107u ili zemlji\u0161te uz profesionalan i diskretan pristup te vas vodimo kroz cijeli proces prodaje.<\/p>\n\t\t\t\t<\/div>\n\t\t\t<\/div><\/div>\t\t\t\t<\/div>\n\t\t\t\t<div class=\"elementor-element elementor-element-2bf7b35 elementor-align-justify elementor-widget__width-auto elementor-widget elementor-widget-button\" data-id=\"2bf7b35\" data-element_type=\"widget\" data-e-type=\"widget\" data-widget_type=\"button.default\">\n\t\t\t\t\t\t\t\t\t\t<a class=\"elementor-button elementor-button-link elementor-size-sm\" href=\"https:\/\/planinicipartneri.vektoria.tech\/?page_id=721\">\n\t\t\t\t\t\t<span class=\"elementor-button-content-wrapper\">\n\t\t\t\t\t\t\t\t\t<span class=\"elementor-button-text\">Kontaktirajte nas<\/span>\n\t\t\t\t\t<\/span>\n\t\t\t\t\t<\/a>\n\t\t\t\t\t\t\t\t<\/div>\n\t\t\t\t\t<\/div>\n\t\t<\/div>\n\t\t\t\t<div class=\"elementor-column elementor-col-50 elementor-top-column elementor-element elementor-element-50c24e29\" data-id=\"50c24e29\" data-element_type=\"column\" data-e-type=\"column\" data-settings=\"{&quot;background_background&quot;:&quot;classic&quot;}\">\n\t\t\t<div class=\"elementor-widget-wrap elementor-element-populated\">\n\t\t\t\t\t<div class=\"elementor-background-overlay\"><\/div>\n\t\t\t\t\t\t<div class=\"elementor-element elementor-element-1c82c66b elementor-widget elementor-widget-spacer\" data-id=\"1c82c66b\" data-element_type=\"widget\" data-e-type=\"widget\" data-widget_type=\"spacer.default\">\n\t\t\t\t\t\t\t<div class=\"elementor-spacer\">\n\t\t\t<div class=\"elementor-spacer-inner\"><\/div>\n\t\t<\/div>\n\t\t\t\t\t\t<\/div>\n\t\t\t\t\t<\/div>\n\t\t<\/div>\n\t\t\t\t\t<\/div>\n\t\t<\/section>\n\t\t<div class=\"elementor-element elementor-element-1edc2e0 e-flex e-con-boxed e-con e-parent\" data-id=\"1edc2e0\" data-element_type=\"container\" data-e-type=\"container\" data-settings=\"{&quot;_ha_eqh_enable&quot;:false}\">\n\t\t\t\t\t<div class=\"e-con-inner\">\n\t\t<div class=\"elementor-element elementor-element-0d89dde e-con-full e-flex e-con e-child\" data-id=\"0d89dde\" data-element_type=\"container\" data-e-type=\"container\" data-settings=\"{&quot;_ha_eqh_enable&quot;:false}\">\n\t\t\t\t<div class=\"elementor-element elementor-element-af3cb28 elementor-widget elementor-widget-heading\" data-id=\"af3cb28\" data-element_type=\"widget\" data-e-type=\"widget\" data-widget_type=\"heading.default\">\n\t\t\t\t\t<h2 class=\"elementor-heading-title elementor-size-default\">Kako radimo s prodavateljima?<\/h2>\t\t\t\t<\/div>\n\t\t\t\t<div class=\"elementor-element elementor-element-0cee0cd elementor-icon-list--layout-traditional elementor-list-item-link-full_width elementor-widget elementor-widget-icon-list\" data-id=\"0cee0cd\" data-element_type=\"widget\" data-e-type=\"widget\" data-widget_type=\"icon-list.default\">\n\t\t\t\t\t\t\t<ul class=\"elementor-icon-list-items\">\n\t\t\t\t\t\t\t<li class=\"elementor-icon-list-item\">\n\t\t\t\t\t\t\t\t\t\t\t<span class=\"elementor-icon-list-icon\">\n\t\t\t\t\t\t\t<svg aria-hidden=\"true\" class=\"e-font-icon-svg e-fas-check-circle\" viewBox=\"0 0 512 512\" xmlns=\"http:\/\/www.w3.org\/2000\/svg\"><path d=\"M504 256c0 136.967-111.033 248-248 248S8 392.967 8 256 119.033 8 256 8s248 111.033 248 248zM227.314 387.314l184-184c6.248-6.248 6.248-16.379 0-22.627l-22.627-22.627c-6.248-6.249-16.379-6.249-22.628 0L216 308.118l-70.059-70.059c-6.248-6.248-16.379-6.248-22.628 0l-22.627 22.627c-6.248 6.248-6.248 16.379 0 22.627l104 104c6.249 6.249 16.379 6.249 22.628.001z\"><\/path><\/svg>\t\t\t\t\t\t<\/span>\n\t\t\t\t\t\t\t\t\t\t<span class=\"elementor-icon-list-text\">procjena tr\u017ei\u0161ne vrijednosti nekretnine<\/span>\n\t\t\t\t\t\t\t\t\t<\/li>\n\t\t\t\t\t\t\t\t<li class=\"elementor-icon-list-item\">\n\t\t\t\t\t\t\t\t\t\t\t<span class=\"elementor-icon-list-icon\">\n\t\t\t\t\t\t\t<svg aria-hidden=\"true\" class=\"e-font-icon-svg e-fas-check-circle\" viewBox=\"0 0 512 512\" xmlns=\"http:\/\/www.w3.org\/2000\/svg\"><path d=\"M504 256c0 136.967-111.033 248-248 248S8 392.967 8 256 119.033 8 256 8s248 111.033 248 248zM227.314 387.314l184-184c6.248-6.248 6.248-16.379 0-22.627l-22.627-22.627c-6.248-6.249-16.379-6.249-22.628 0L216 308.118l-70.059-70.059c-6.248-6.248-16.379-6.248-22.628 0l-22.627 22.627c-6.248 6.248-6.248 16.379 0 22.627l104 104c6.249 6.249 16.379 6.249 22.628.001z\"><\/path><\/svg>\t\t\t\t\t\t<\/span>\n\t\t\t\t\t\t\t\t\t\t<span class=\"elementor-icon-list-text\">savjetovanje prije stavljanja nekretnine na tr\u017ei\u0161te<\/span>\n\t\t\t\t\t\t\t\t\t<\/li>\n\t\t\t\t\t\t\t\t<li class=\"elementor-icon-list-item\">\n\t\t\t\t\t\t\t\t\t\t\t<span class=\"elementor-icon-list-icon\">\n\t\t\t\t\t\t\t<svg aria-hidden=\"true\" class=\"e-font-icon-svg e-fas-check-circle\" viewBox=\"0 0 512 512\" xmlns=\"http:\/\/www.w3.org\/2000\/svg\"><path d=\"M504 256c0 136.967-111.033 248-248 248S8 392.967 8 256 119.033 8 256 8s248 111.033 248 248zM227.314 387.314l184-184c6.248-6.248 6.248-16.379 0-22.627l-22.627-22.627c-6.248-6.249-16.379-6.249-22.628 0L216 308.118l-70.059-70.059c-6.248-6.248-16.379-6.248-22.628 0l-22.627 22.627c-6.248 6.248-6.248 16.379 0 22.627l104 104c6.249 6.249 16.379 6.249 22.628.001z\"><\/path><\/svg>\t\t\t\t\t\t<\/span>\n\t\t\t\t\t\t\t\t\t\t<span class=\"elementor-icon-list-text\">ogla\u0161avanje i pronalazak kupaca<\/span>\n\t\t\t\t\t\t\t\t\t<\/li>\n\t\t\t\t\t\t\t\t<li class=\"elementor-icon-list-item\">\n\t\t\t\t\t\t\t\t\t\t\t<span class=\"elementor-icon-list-icon\">\n\t\t\t\t\t\t\t<svg aria-hidden=\"true\" class=\"e-font-icon-svg e-fas-check-circle\" viewBox=\"0 0 512 512\" xmlns=\"http:\/\/www.w3.org\/2000\/svg\"><path d=\"M504 256c0 136.967-111.033 248-248 248S8 392.967 8 256 119.033 8 256 8s248 111.033 248 248zM227.314 387.314l184-184c6.248-6.248 6.248-16.379 0-22.627l-22.627-22.627c-6.248-6.249-16.379-6.249-22.628 0L216 308.118l-70.059-70.059c-6.248-6.248-16.379-6.248-22.628 0l-22.627 22.627c-6.248 6.248-6.248 16.379 0 22.627l104 104c6.249 6.249 16.379 6.249 22.628.001z\"><\/path><\/svg>\t\t\t\t\t\t<\/span>\n\t\t\t\t\t\t\t\t\t\t<span class=\"elementor-icon-list-text\">organizacija razgledavanja<\/span>\n\t\t\t\t\t\t\t\t\t<\/li>\n\t\t\t\t\t\t\t\t<li class=\"elementor-icon-list-item\">\n\t\t\t\t\t\t\t\t\t\t\t<span class=\"elementor-icon-list-icon\">\n\t\t\t\t\t\t\t<svg aria-hidden=\"true\" class=\"e-font-icon-svg e-fas-check-circle\" viewBox=\"0 0 512 512\" xmlns=\"http:\/\/www.w3.org\/2000\/svg\"><path d=\"M504 256c0 136.967-111.033 248-248 248S8 392.967 8 256 119.033 8 256 8s248 111.033 248 248zM227.314 387.314l184-184c6.248-6.248 6.248-16.379 0-22.627l-22.627-22.627c-6.248-6.249-16.379-6.249-22.628 0L216 308.118l-70.059-70.059c-6.248-6.248-16.379-6.248-22.628 0l-22.627 22.627c-6.248 6.248-6.248 16.379 0 22.627l104 104c6.249 6.249 16.379 6.249 22.628.001z\"><\/path><\/svg>\t\t\t\t\t\t<\/span>\n\t\t\t\t\t\t\t\t\t\t<span class=\"elementor-icon-list-text\">vo\u0111enje pregovora s kupcima<\/span>\n\t\t\t\t\t\t\t\t\t<\/li>\n\t\t\t\t\t\t<\/ul>\n\t\t\t\t\t\t<\/div>\n\t\t\t\t<\/div>\n\t\t<div class=\"elementor-element elementor-element-8ffa299 e-con-full e-flex e-con e-child\" data-id=\"8ffa299\" data-element_type=\"container\" data-e-type=\"container\" data-settings=\"{&quot;_ha_eqh_enable&quot;:false}\">\n\t\t\t\t<div class=\"elementor-element elementor-element-1dec348 elementor-widget elementor-widget-image\" data-id=\"1dec348\" data-element_type=\"widget\" data-e-type=\"widget\" data-widget_type=\"image.default\">\n\t\t\t\t\t\t\t\t\t\t\t\t\t\t\t<img fetchpriority=\"high\" decoding=\"async\" width=\"800\" height=\"534\" src=\"https:\/\/planinicipartneri.vektoria.tech\/wp-content\/uploads\/2026\/03\/1-2-1024x683.webp\" class=\"attachment-large size-large wp-image-990\" alt=\"\" srcset=\"https:\/\/planinicipartneri.vektoria.tech\/wp-content\/uploads\/2026\/03\/1-2-1024x683.webp 1024w, https:\/\/planinicipartneri.vektoria.tech\/wp-content\/uploads\/2026\/03\/1-2-300x200.webp 300w, https:\/\/planinicipartneri.vektoria.tech\/wp-content\/uploads\/2026\/03\/1-2-768x512.webp 768w, https:\/\/planinicipartneri.vektoria.tech\/wp-content\/uploads\/2026\/03\/1-2.webp 1500w\" sizes=\"(max-width: 800px) 100vw, 800px\" \/>\t\t\t\t\t\t\t\t\t\t\t\t\t\t\t<\/div>\n\t\t\t\t<\/div>\n\t\t\t\t\t<\/div>\n\t\t\t\t<\/div>\n\t\t<div class=\"elementor-element elementor-element-bb08686 e-flex e-con-boxed e-con e-parent\" data-id=\"bb08686\" data-element_type=\"container\" data-e-type=\"container\" data-settings=\"{&quot;_ha_eqh_enable&quot;:false}\">\n\t\t\t\t\t<div class=\"e-con-inner\">\n\t\t\t\t<div class=\"elementor-element elementor-element-2cc0d30 elementor-widget elementor-widget-heading\" data-id=\"2cc0d30\" data-element_type=\"widget\" data-e-type=\"widget\" data-widget_type=\"heading.default\">\n\t\t\t\t\t<h2 class=\"elementor-heading-title elementor-size-default\">Kako izgleda proces prodaje?<\/h2>\t\t\t\t<\/div>\n\t\t<div class=\"elementor-element elementor-element-628519d e-grid e-con-full e-con e-child\" data-id=\"628519d\" data-element_type=\"container\" data-e-type=\"container\" data-settings=\"{&quot;_ha_eqh_enable&quot;:false}\">\n\t\t\t\t<div class=\"elementor-element elementor-element-2dcd801 elementor-position-top elementor-widget elementor-widget-image-box\" data-id=\"2dcd801\" data-element_type=\"widget\" data-e-type=\"widget\" data-widget_type=\"image-box.default\">\n\t\t\t\t\t<div class=\"elementor-image-box-wrapper\"><figure class=\"elementor-image-box-img\"><img decoding=\"async\" width=\"500\" height=\"500\" src=\"https:\/\/planinicipartneri.vektoria.tech\/wp-content\/uploads\/2026\/03\/1-1.webp\" class=\"attachment-full size-full wp-image-944\" alt=\"\" srcset=\"https:\/\/planinicipartneri.vektoria.tech\/wp-content\/uploads\/2026\/03\/1-1.webp 500w, https:\/\/planinicipartneri.vektoria.tech\/wp-content\/uploads\/2026\/03\/1-1-300x300.webp 300w, https:\/\/planinicipartneri.vektoria.tech\/wp-content\/uploads\/2026\/03\/1-1-150x150.webp 150w\" sizes=\"(max-width: 500px) 100vw, 500px\" \/><\/figure><div class=\"elementor-image-box-content\"><h3 class=\"elementor-image-box-title\">Razgovor i procjena nekretnine<\/h3><p class=\"elementor-image-box-description\">Kratko razgovaramo o va\u0161oj nekretnini i procjenjujemo realnu tr\u017ei\u0161nu vrijednost.<\/p><\/div><\/div>\t\t\t\t<\/div>\n\t\t\t\t<div class=\"elementor-element elementor-element-62f29cd elementor-position-top elementor-widget elementor-widget-image-box\" data-id=\"62f29cd\" data-element_type=\"widget\" data-e-type=\"widget\" data-widget_type=\"image-box.default\">\n\t\t\t\t\t<div class=\"elementor-image-box-wrapper\"><figure class=\"elementor-image-box-img\"><img decoding=\"async\" width=\"500\" height=\"500\" src=\"https:\/\/planinicipartneri.vektoria.tech\/wp-content\/uploads\/2026\/03\/2-1.webp\" class=\"attachment-full size-full wp-image-945\" alt=\"\" srcset=\"https:\/\/planinicipartneri.vektoria.tech\/wp-content\/uploads\/2026\/03\/2-1.webp 500w, https:\/\/planinicipartneri.vektoria.tech\/wp-content\/uploads\/2026\/03\/2-1-300x300.webp 300w, https:\/\/planinicipartneri.vektoria.tech\/wp-content\/uploads\/2026\/03\/2-1-150x150.webp 150w\" sizes=\"(max-width: 500px) 100vw, 500px\" \/><\/figure><div class=\"elementor-image-box-content\"><h3 class=\"elementor-image-box-title\">Ogla\u0161avanje i pronalazak kupaca<\/h3><p class=\"elementor-image-box-description\">Ogla\u0161avamo nekretninu i komuniciramo s potencijalnim kupcima.<\/p><\/div><\/div>\t\t\t\t<\/div>\n\t\t\t\t<div class=\"elementor-element elementor-element-9e23775 elementor-position-top elementor-widget elementor-widget-image-box\" data-id=\"9e23775\" data-element_type=\"widget\" data-e-type=\"widget\" data-widget_type=\"image-box.default\">\n\t\t\t\t\t<div class=\"elementor-image-box-wrapper\"><figure class=\"elementor-image-box-img\"><img loading=\"lazy\" decoding=\"async\" width=\"500\" height=\"500\" src=\"https:\/\/planinicipartneri.vektoria.tech\/wp-content\/uploads\/2026\/03\/3.webp\" class=\"attachment-full size-full wp-image-946\" alt=\"\" srcset=\"https:\/\/planinicipartneri.vektoria.tech\/wp-content\/uploads\/2026\/03\/3.webp 500w, https:\/\/planinicipartneri.vektoria.tech\/wp-content\/uploads\/2026\/03\/3-300x300.webp 300w, https:\/\/planinicipartneri.vektoria.tech\/wp-content\/uploads\/2026\/03\/3-150x150.webp 150w\" sizes=\"(max-width: 500px) 100vw, 500px\" \/><\/figure><div class=\"elementor-image-box-content\"><h3 class=\"elementor-image-box-title\">Pregovori i prodaja<\/h3><p class=\"elementor-image-box-description\">Vodimo pregovore i pratimo vas kroz zavr\u0161ne korake do prodaje.<\/p><\/div><\/div>\t\t\t\t<\/div>\n\t\t\t\t<\/div>\n\t\t\t\t\t<\/div>\n\t\t\t\t<\/div>\n\t\t<div class=\"elementor-element elementor-element-eefb691 e-flex e-con-boxed e-con e-parent\" data-id=\"eefb691\" data-element_type=\"container\" data-e-type=\"container\" data-settings=\"{&quot;_ha_eqh_enable&quot;:false}\">\n\t\t\t\t\t<div class=\"e-con-inner\">\n\t\t\t\t<div class=\"elementor-element elementor-element-44d237e elementor-widget elementor-widget-html\" data-id=\"44d237e\" data-element_type=\"widget\" data-e-type=\"widget\" data-widget_type=\"html.default\">\n\t\t\t\t\t<div class=\"kovar-marquee-wrap\">\r\n  <div class=\"kovar-marquee\">\r\n    <span>Kreditno savjetovanje<\/span>\r\n    <span>\u2022<\/span>\r\n    <span>Odvjetni\u010dka podr\u0161ka<\/span>\r\n    <span>\u2022<\/span>\r\n    <span>Energetsko certificiranje i procjene<\/span>\r\n    <span>\u2022<\/span>\r\n    <span>Sudski procjenitelji<\/span>\r\n    <span>\u2022<\/span>\r\n    <span>Gra\u0111evinski stru\u010dnjaci za radove<\/span>\r\n    <span>\u2022<\/span>\r\n\r\n    <span>Kreditno savjetovanje<\/span>\r\n    <span>\u2022<\/span>\r\n    <span>Odvjetni\u010dka podr\u0161ka<\/span>\r\n    <span>\u2022<\/span>\r\n    <span>Energetsko certificiranje i procjene<\/span>\r\n    <span>\u2022<\/span>\r\n    <span>Sudski procjenitelji<\/span>\r\n    <span>\u2022<\/span>\r\n    <span>Gra\u0111evinski stru\u010dnjaci za radove<\/span>\r\n    <span>\u2022<\/span>\r\n  <\/div>\r\n<\/div>\r\n\r\n<style>\r\n.kovar-marquee-wrap {\r\n  width: 100%;\r\n  overflow: hidden;\r\n  background: #ffffff;\r\n  padding: 14px 0;\r\n  white-space: nowrap;\r\n}\r\n\r\n.kovar-marquee {\r\n  display: inline-block;\r\n  white-space: nowrap;\r\n  animation: kovar-marquee 25s linear infinite;\r\n  color: #111111;\r\n  font-size: 16px;\r\n  font-weight: 500;\r\n}\r\n\r\n.kovar-marquee span {\r\n  display: inline-block;\r\n  margin: 0 18px;\r\n}\r\n\r\n@keyframes kovar-marquee {\r\n  0% {\r\n    transform: translateX(0);\r\n  }\r\n  100% {\r\n    transform: translateX(-50%);\r\n  }\r\n}\r\n<\/style>\t\t\t\t<\/div>\n\t\t\t\t\t<\/div>\n\t\t\t\t<\/div>\n\t\t\t\t<section class=\"elementor-section elementor-top-section elementor-element elementor-element-c1db7b7 elementor-section-content-middle elementor-section-boxed elementor-section-height-default elementor-section-height-default\" data-id=\"c1db7b7\" data-element_type=\"section\" data-e-type=\"section\" data-settings=\"{&quot;background_background&quot;:&quot;classic&quot;,&quot;_ha_eqh_enable&quot;:false}\">\n\t\t\t\t\t\t<div class=\"elementor-container elementor-column-gap-no\">\n\t\t\t\t\t<div class=\"elementor-column elementor-col-100 elementor-top-column elementor-element elementor-element-0b0c51e\" data-id=\"0b0c51e\" data-element_type=\"column\" data-e-type=\"column\">\n\t\t\t<div class=\"elementor-widget-wrap elementor-element-populated\">\n\t\t\t\t\t\t<section class=\"elementor-section elementor-inner-section elementor-element elementor-element-c48300f elementor-section-content-middle elementor-section-boxed elementor-section-height-default elementor-section-height-default\" data-id=\"c48300f\" data-element_type=\"section\" data-e-type=\"section\" data-settings=\"{&quot;_ha_eqh_enable&quot;:false}\">\n\t\t\t\t\t\t<div class=\"elementor-container elementor-column-gap-default\">\n\t\t\t\t\t<div class=\"elementor-column elementor-col-50 elementor-inner-column elementor-element elementor-element-2f1008f\" data-id=\"2f1008f\" data-element_type=\"column\" data-e-type=\"column\">\n\t\t\t<div class=\"elementor-widget-wrap elementor-element-populated\">\n\t\t\t\t\t\t<div class=\"elementor-element elementor-element-26e4958 elementor-widget elementor-widget-heading\" data-id=\"26e4958\" data-element_type=\"widget\" data-e-type=\"widget\" data-widget_type=\"heading.default\">\n\t\t\t\t\t<h2 class=\"elementor-heading-title elementor-size-default\">\u017delite prodati nekretninu? <\/h2>\t\t\t\t<\/div>\n\t\t\t\t<div class=\"elementor-element elementor-element-2e3b766 elementor-widget elementor-widget-text-editor\" data-id=\"2e3b766\" data-element_type=\"widget\" data-e-type=\"widget\" data-widget_type=\"text-editor.default\">\n\t\t\t\t\t\t\t\t\t<p>Kontaktirajte nas za razgovor i procjenu va\u0161e nekretnine.<\/p>\t\t\t\t\t\t\t\t<\/div>\n\t\t\t\t\t<\/div>\n\t\t<\/div>\n\t\t\t\t<div class=\"elementor-column elementor-col-50 elementor-inner-column elementor-element elementor-element-7e95410\" data-id=\"7e95410\" data-element_type=\"column\" data-e-type=\"column\">\n\t\t\t<div class=\"elementor-widget-wrap elementor-element-populated\">\n\t\t\t\t\t\t<div class=\"elementor-element elementor-element-a1b71dc elementor-align-justify elementor-widget elementor-widget-button\" data-id=\"a1b71dc\" data-element_type=\"widget\" data-e-type=\"widget\" data-widget_type=\"button.default\">\n\t\t\t\t\t\t\t\t\t\t<a class=\"elementor-button elementor-button-link elementor-size-sm\" href=\"https:\/\/planinicipartneri.vektoria.tech\/?page_id=721\">\n\t\t\t\t\t\t<span class=\"elementor-button-content-wrapper\">\n\t\t\t\t\t\t\t\t\t<span class=\"elementor-button-text\">Kontaktirajte nas<\/span>\n\t\t\t\t\t<\/span>\n\t\t\t\t\t<\/a>\n\t\t\t\t\t\t\t\t<\/div>\n\t\t\t\t\t<\/div>\n\t\t<\/div>\n\t\t\t\t\t<\/div>\n\t\t<\/section>\n\t\t\t\t\t<\/div>\n\t\t<\/div>\n\t\t\t\t\t<\/div>\n\t\t<\/section>\n\t\t\t\t<\/div>\n\t\t","protected":false},"excerpt":{"rendered":"<p>Za prodavatelje Poma\u017eemo vam prodati stan, ku\u0107u ili zemlji\u0161te uz profesionalan i diskretan pristup te vas vodimo kroz cijeli proces prodaje. Kontaktirajte nas Kako radimo s prodavateljima? procjena tr\u017ei\u0161ne vrijednosti nekretnine savjetovanje prije stavljanja nekretnine na tr\u017ei\u0161te ogla\u0161avanje i pronalazak kupaca organizacija razgledavanja vo\u0111enje pregovora s kupcima Kako izgleda proces prodaje? Razgovor i procjena nekretnine [&hellip;]<\/p>\n","protected":false},"author":1,"featured_media":0,"parent":0,"menu_order":0,"comment_status":"closed","ping_status":"closed","template":"elementor_header_footer","meta":{"footnotes":""},"class_list":["post-762","page","type-page","status-publish","hentry"],"_links":{"self":[{"href":"https:\/\/planinicipartneri.vektoria.tech\/index.php?rest_route=\/wp\/v2\/pages\/762","targetHints":{"allow":["GET"]}}],"collection":[{"href":"https:\/\/planinicipartneri.vektoria.tech\/index.php?rest_route=\/wp\/v2\/pages"}],"about":[{"href":"https:\/\/planinicipartneri.vektoria.tech\/index.php?rest_route=\/wp\/v2\/types\/page"}],"author":[{"embeddable":true,"href":"https:\/\/planinicipartneri.vektoria.tech\/index.php?rest_route=\/wp\/v2\/users\/1"}],"replies":[{"embeddable":true,"href":"https:\/\/planinicipartneri.vektoria.tech\/index.php?rest_route=%2Fwp%2Fv2%2Fcomments&post=762"}],"version-history":[{"count":5,"href":"https:\/\/planinicipartneri.vektoria.tech\/index.php?rest_route=\/wp\/v2\/pages\/762\/revisions"}],"predecessor-version":[{"id":1110,"href":"https:\/\/planinicipartneri.vektoria.tech\/index.php?rest_route=\/wp\/v2\/pages\/762\/revisions\/1110"}],"wp:attachment":[{"href":"https:\/\/planinicipartneri.vektoria.tech\/index.php?rest_route=%2Fwp%2Fv2%2Fmedia&parent=762"}],"curies":[{"name":"wp","href":"https:\/\/api.w.org\/{rel}","templated":true}]}}